{"id":545,"date":"2025-08-19T14:02:36","date_gmt":"2025-08-19T12:02:36","guid":{"rendered":"https:\/\/energ-ir.be\/?page_id=545"},"modified":"2026-02-19T09:24:45","modified_gmt":"2026-02-19T08:24:45","slug":"alexandre","status":"publish","type":"page","link":"https:\/\/energ-ir.be\/index.php\/equipe\/alexandre\/","title":{"rendered":"Alexandre Laermans"},"content":{"rendered":"\n<div class=\"wp-block-cover alignfull has-parallax\" style=\"min-height:227px;aspect-ratio:unset;\"><div role=\"img\" aria-label=\"energ-ir_fond-equipe\" class=\"wp-block-cover__image-background wp-image-206 size-full has-parallax\" style=\"background-position:50% 50%;background-image:url(http:\/\/energ-ir.be\/wp-content\/uploads\/2025\/07\/Fond-Teams.png)\"><\/div><span aria-hidden=\"true\" class=\"wp-block-cover__background has-palette-color-1-background-color has-background-dim-80 has-background-dim\"><\/span><div class=\"wp-block-cover__inner-container is-layout-constrained wp-block-cover-is-layout-constrained\">\n<div class=\"wp-block-columns are-vertically-aligned-center is-layout-flex wp-container-core-columns-is-layout-28f84493 wp-block-columns-is-layout-flex\">\n<div class=\"wp-block-column is-vertically-aligned-center is-layout-flow wp-block-column-is-layout-flow\">\n<h2 class=\"wp-block-heading has-palette-color-5-color has-text-color has-link-color wp-elements-d991b4cceae62f043e618375bfa2eacb\" style=\"margin-top:0;margin-bottom:0\">Alexandre Laermans<\/h2>\n\n\n\n<p><strong>Assistant Chef de Projets <\/strong>| Ing\u00e9nieur Industriel, Assistant Chef de Projets en Techniques Sp\u00e9ciales<\/p>\n<\/div>\n<\/div>\n<\/div><\/div>\n\n\n\n<h3 class=\"wp-block-heading has-palette-color-2-color has-text-color has-link-color wp-elements-de789c675fe39ed1c4a15c46f33304b7\">Formation<\/h3>\n\n\n\n<p style=\"margin-top:var(--wp--preset--spacing--30);margin-bottom:var(--wp--preset--spacing--30)\">2025 : <strong>Master en Science de l\u2019Ing\u00e9nieur Industriel, <\/strong>orientation \u00c9lectrom\u00e9canique &#8211; G\u00e9nie m\u00e9canique &amp; a\u00e9rotechnique<strong><mark style=\"background-color:rgba(0, 0, 0, 0)\" class=\"has-inline-color has-palette-color-1-color\"><strong> <\/strong>| <\/mark><\/strong><em>Haute \u00e9cole de la province de Li\u00e8ge<\/em><\/p>\n\n\n\n<p style=\"margin-top:var(--wp--preset--spacing--30);margin-bottom:var(--wp--preset--spacing--30)\">2020 : <strong>Bachelier en Automobile, <\/strong>option m\u00e9catronique<mark style=\"background-color:rgba(0, 0, 0, 0)\" class=\"has-inline-color has-palette-color-1-color\"><strong> <\/strong>| <\/mark><em>Haute \u00e9cole de la ville de Li\u00e8ge<\/em><\/p>\n\n\n\n<p style=\"margin-top:var(--wp--preset--spacing--30);margin-bottom:var(--wp--preset--spacing--30)\"><strong>Formation continue\u00a0<\/strong>(non exhaustif) <strong>:<\/strong> G\u00e9othermie verticale &amp; pompes \u00e0 chaleur g\u00e9othermique, Pompe \u00e0 chaleur : choix et conception (Bruxelles environnement), (Gro Tool), Outil GRO \u2013 formation approfondie (Gro Tool), Le traitement de l&rsquo;eau de chauffage selon la NIT 278 (CEFORTEC), Immersion technique \u00ab\u00a0chaufferies biomasse\u00a0\u00bb.<\/p>\n\n\n\n<hr class=\"wp-block-separator has-text-color has-palette-color-6-color has-alpha-channel-opacity has-palette-color-6-background-color has-background is-style-wide\" style=\"margin-top:var(--wp--preset--spacing--60);margin-bottom:var(--wp--preset--spacing--60)\"\/>\n\n\n\n<h3 class=\"wp-block-heading has-palette-color-2-color has-text-color has-link-color wp-elements-450c0cc2acc24e71a83bb1e590f8089e\" style=\"margin-top:0;margin-bottom:0\">Exp\u00e9riences professionnelles<\/h3>\n\n\n\n<p style=\"margin-top:var(--wp--preset--spacing--30);margin-right:0;margin-bottom:var(--wp--preset--spacing--30);margin-left:0\">Avril 2025 \u00e0 Aujourd&rsquo;hui : <strong>Assistant Chef de Projets <\/strong><mark style=\"background-color:rgba(0, 0, 0, 0)\" class=\"has-inline-color has-palette-color-1-color\">| <\/mark><em>Energ-Ir srl<\/em><\/p>\n\n\n\n<p style=\"margin-top:var(--wp--preset--spacing--30);margin-right:0;margin-bottom:var(--wp--preset--spacing--30);margin-left:0\">2024 : <strong>Stage <\/strong>portant sur l\u2019optimisation et la conception de matrices chauffantes flexibles par \u00e9lectronique imprim\u00e9e et de leur application au camouflage infrarouge <mark style=\"background-color:rgba(0, 0, 0, 0)\" class=\"has-inline-color has-palette-color-1-color\">| <\/mark><em>CRM Group<\/em><\/p>\n\n\n\n<p style=\"margin-top:var(--wp--preset--spacing--30);margin-bottom:var(--wp--preset--spacing--30)\">2020 : <strong>Stage <\/strong>portant sur la didactisation du r\u00e9seau \u00e9lectrique d\u2019un v\u00e9hicule <mark style=\"background-color:rgba(0, 0, 0, 0)\" class=\"has-inline-color has-palette-color-1-color\">| <\/mark><em>Haute \u00e9cole de la ville de Li\u00e8ge<\/em><\/p>\n\n\n\n<hr class=\"wp-block-separator has-text-color has-palette-color-6-color has-alpha-channel-opacity has-palette-color-6-background-color has-background is-style-wide\" style=\"margin-top:var(--wp--preset--spacing--60);margin-bottom:var(--wp--preset--spacing--60)\"\/>\n\n\n\n<h3 class=\"wp-block-heading has-palette-color-2-color has-text-color has-link-color wp-elements-cfc320600da18eca161cef3c94925400\" style=\"margin-top:0;margin-bottom:0\">Prix &amp; distinctions<\/h3>\n\n\n\n<p style=\"margin-top:var(--wp--preset--spacing--30);margin-right:0;margin-bottom:var(--wp--preset--spacing--30);margin-left:0\">2022-2023 : <strong>Vainqueur<\/strong> du \u201cAgoria Design &amp; Engineering Student Challenge 2022-2023\u201c par Agoria et Safran. Additive Manufacturing Event, Technopolis, Mechelen<\/p>\n\n\n\n<div style=\"height:100px\" aria-hidden=\"true\" class=\"wp-block-spacer\"><\/div>\n\n\n\n<div class=\"wp-block-cover alignfull has-parallax\" style=\"min-height:125px;aspect-ratio:unset;\"><div role=\"img\" aria-label=\"energ-ir_fond-equipe\" class=\"wp-block-cover__image-background wp-image-206 size-large has-parallax\" style=\"background-position:50% 50%;background-image:url(http:\/\/energ-ir.be\/wp-content\/uploads\/2025\/07\/Fond-Teams-1024x576.png)\"><\/div><span aria-hidden=\"true\" class=\"wp-block-cover__background has-palette-color-1-background-color has-background-dim-80 has-background-dim\"><\/span><div class=\"wp-block-cover__inner-container is-layout-constrained wp-block-cover-is-layout-constrained\">\n<p class=\"has-text-align-center has-large-font-size\"><\/p>\n<\/div><\/div>\n\n\n\n<div style=\"height:100px\" aria-hidden=\"true\" class=\"wp-block-spacer\"><\/div>\n\n\n\n<div class=\"wp-block-columns is-layout-flex wp-container-core-columns-is-layout-28f84493 wp-block-columns-is-layout-flex\">\n<div class=\"wp-block-column is-vertically-aligned-center has-background is-layout-flow wp-block-column-is-layout-flow\" style=\"border-radius:5px;background-color:#2d9182;padding-top:var(--wp--preset--spacing--40);padding-right:var(--wp--preset--spacing--40);padding-bottom:var(--wp--preset--spacing--40);padding-left:var(--wp--preset--spacing--40)\">\n<h4 class=\"wp-block-heading has-text-align-center\"><mark style=\"background-color:rgba(0, 0, 0, 0)\" class=\"has-inline-color has-palette-color-8-color\">Nous recrutons<\/mark><\/h4>\n\n\n\n<hr class=\"wp-block-separator has-alpha-channel-opacity is-style-wide\"\/>\n\n\n\n<p class=\"has-text-align-center has-palette-color-6-color has-text-color has-link-color wp-elements-650bac80a506c3e72cd872cd3da9b06b\">Nous sommes toujours \u00e0 la recherche de <strong>p\u00e9pites<\/strong>.<\/p>\n\n\n\n<p class=\"has-text-align-center has-palette-color-6-color has-text-color has-link-color wp-elements-d1a2c463b111c69b35ee035f55457fb6\">Si tu es passionn\u00e9(e) par la construction durable, les \u00e9nergies renouvelables et souhaites contribuer activement \u00e0 concevoir des b\u00e2timents respectueux de l\u2019environnement et de leurs utilisateurs, cette offre \u00e0 impact positif est pour toi.<\/p>\n\n\n\n<div style=\"height:15px\" aria-hidden=\"true\" class=\"wp-block-spacer\"><\/div>\n\n\n\n<div class=\"wp-block-columns is-layout-flex wp-container-core-columns-is-layout-28f84493 wp-block-columns-is-layout-flex\">\n<div class=\"wp-block-column is-layout-flow wp-block-column-is-layout-flow\">\n<figure class=\"wp-block-image alignright size-full is-resized\"><img loading=\"lazy\" decoding=\"async\" width=\"875\" height=\"591\" src=\"http:\/\/energ-ir.be\/wp-content\/uploads\/2025\/07\/Rejoignez-equipe.png\" alt=\"energ-ir_recrute\" class=\"wp-image-94\" style=\"width:192px;height:auto\" srcset=\"https:\/\/energ-ir.be\/wp-content\/uploads\/2025\/07\/Rejoignez-equipe.png 875w, https:\/\/energ-ir.be\/wp-content\/uploads\/2025\/07\/Rejoignez-equipe-300x203.png 300w, https:\/\/energ-ir.be\/wp-content\/uploads\/2025\/07\/Rejoignez-equipe-768x519.png 768w\" sizes=\"auto, (max-width: 875px) 100vw, 875px\" \/><\/figure>\n<\/div>\n\n\n\n<div class=\"wp-block-column is-layout-flow wp-block-column-is-layout-flow\">\n<div class=\"wp-block-buttons is-content-justification-left is-layout-flex wp-container-core-buttons-is-layout-fc4fd283 wp-block-buttons-is-layout-flex\">\n<div class=\"wp-block-button\"><a class=\"wp-block-button__link has-palette-color-6-background-color has-text-color has-background has-link-color has-custom-font-size wp-element-button\" href=\"https:\/\/energ-ir.be\/index.php\/jobs\/\" style=\"border-radius:100px;color:#2d9182;font-size:clamp(14px, 0.875rem + ((1vw - 3.2px) * 0.313), 18px);\"><strong><mark style=\"background-color:rgba(0, 0, 0, 0);color:#2d9182\" class=\"has-inline-color\">Offres d&#8217;emploi<\/mark><\/strong><\/a><\/div>\n<\/div>\n<\/div>\n<\/div>\n\n\n\n<div style=\"height:15px\" aria-hidden=\"true\" class=\"wp-block-spacer\"><\/div>\n<\/div>\n\n\n\n<div class=\"wp-block-column has-border-color is-layout-flow wp-block-column-is-layout-flow\" style=\"border-color:#2d9182;border-width:1px;border-radius:5px;padding-top:var(--wp--preset--spacing--40);padding-right:var(--wp--preset--spacing--40);padding-bottom:var(--wp--preset--spacing--40);padding-left:var(--wp--preset--spacing--40)\">\n<h4 class=\"wp-block-heading has-text-align-center has-palette-color-3-color has-text-color has-link-color wp-elements-aef563a38abc6d86e5e25962d032f0e9\">Contact<\/h4>\n\n\n\n<hr class=\"wp-block-separator has-text-color has-alpha-channel-opacity has-background is-style-wide\" style=\"background-color:#2d9182;color:#2d9182\"\/>\n\n\n\n<div class=\"wp-block-columns is-layout-flex wp-container-core-columns-is-layout-28f84493 wp-block-columns-is-layout-flex\">\n<div class=\"wp-block-column is-vertically-aligned-center is-layout-flow wp-block-column-is-layout-flow\" style=\"flex-basis:33.33%\">\n<figure class=\"wp-block-image alignright size-full is-resized\"><img loading=\"lazy\" decoding=\"async\" width=\"875\" height=\"875\" src=\"http:\/\/energ-ir.be\/wp-content\/uploads\/2025\/07\/entreprise.png\" alt=\"energ-ir_entreprise\" class=\"wp-image-89\" style=\"width:26px;height:auto\" srcset=\"https:\/\/energ-ir.be\/wp-content\/uploads\/2025\/07\/entreprise.png 875w, https:\/\/energ-ir.be\/wp-content\/uploads\/2025\/07\/entreprise-300x300.png 300w, https:\/\/energ-ir.be\/wp-content\/uploads\/2025\/07\/entreprise-150x150.png 150w, https:\/\/energ-ir.be\/wp-content\/uploads\/2025\/07\/entreprise-768x768.png 768w\" sizes=\"auto, (max-width: 875px) 100vw, 875px\" \/><\/figure>\n<\/div>\n\n\n\n<div class=\"wp-block-column is-layout-flow wp-block-column-is-layout-flow\" style=\"flex-basis:66.66%\">\n<p><strong>Energ-Ir srl<\/strong><br>BE0833.844.563<\/p>\n<\/div>\n<\/div>\n\n\n\n<div class=\"wp-block-columns is-layout-flex wp-container-core-columns-is-layout-28f84493 wp-block-columns-is-layout-flex\">\n<div class=\"wp-block-column is-vertically-aligned-center is-layout-flow wp-block-column-is-layout-flow\" style=\"flex-basis:33.33%\">\n<figure class=\"wp-block-image alignright size-full is-resized\"><img loading=\"lazy\" decoding=\"async\" width=\"875\" height=\"875\" src=\"http:\/\/energ-ir.be\/wp-content\/uploads\/2025\/07\/lieu.png\" alt=\"energ-ir_lieu\" class=\"wp-image-91\" style=\"width:26px\" srcset=\"https:\/\/energ-ir.be\/wp-content\/uploads\/2025\/07\/lieu.png 875w, https:\/\/energ-ir.be\/wp-content\/uploads\/2025\/07\/lieu-300x300.png 300w, https:\/\/energ-ir.be\/wp-content\/uploads\/2025\/07\/lieu-150x150.png 150w, https:\/\/energ-ir.be\/wp-content\/uploads\/2025\/07\/lieu-768x768.png 768w\" sizes=\"auto, (max-width: 875px) 100vw, 875px\" \/><\/figure>\n<\/div>\n\n\n\n<div class=\"wp-block-column is-vertically-aligned-center is-layout-flow wp-block-column-is-layout-flow\" style=\"flex-basis:66.66%\">\n<p>Chauss\u00e9e de Namur, 403<br>5030 Gembloux (Beuzet)<\/p>\n<\/div>\n<\/div>\n\n\n\n<div class=\"wp-block-columns is-layout-flex wp-container-core-columns-is-layout-28f84493 wp-block-columns-is-layout-flex\">\n<div class=\"wp-block-column is-vertically-aligned-center is-layout-flow wp-block-column-is-layout-flow\" style=\"flex-basis:33.33%\">\n<figure class=\"wp-block-image alignright size-full is-resized\"><img loading=\"lazy\" decoding=\"async\" width=\"875\" height=\"875\" src=\"http:\/\/energ-ir.be\/wp-content\/uploads\/2025\/07\/gsm.png\" alt=\"energ-ir_telephone\" class=\"wp-image-90\" style=\"width:26px\" srcset=\"https:\/\/energ-ir.be\/wp-content\/uploads\/2025\/07\/gsm.png 875w, https:\/\/energ-ir.be\/wp-content\/uploads\/2025\/07\/gsm-300x300.png 300w, https:\/\/energ-ir.be\/wp-content\/uploads\/2025\/07\/gsm-150x150.png 150w, https:\/\/energ-ir.be\/wp-content\/uploads\/2025\/07\/gsm-768x768.png 768w\" sizes=\"auto, (max-width: 875px) 100vw, 875px\" \/><\/figure>\n<\/div>\n\n\n\n<div class=\"wp-block-column is-vertically-aligned-center is-layout-flow wp-block-column-is-layout-flow\" style=\"flex-basis:66.66%\">\n<p>+32 (0) 81 22 17 25<\/p>\n<\/div>\n<\/div>\n\n\n\n<div class=\"wp-block-buttons is-content-justification-center is-layout-flex wp-container-core-buttons-is-layout-a89b3969 wp-block-buttons-is-layout-flex\">\n<div class=\"wp-block-button\"><a class=\"wp-block-button__link has-background has-custom-font-size wp-element-button\" href=\"mailto: info@energ-ir.be\" style=\"border-radius:100px;background-color:#2d9182;font-size:clamp(14px, 0.875rem + ((1vw - 3.2px) * 0.313), 18px);\"><strong><mark style=\"background-color:rgba(0, 0, 0, 0)\" class=\"has-inline-color has-palette-color-8-color\">Nous contacter<\/mark><\/strong><\/a><\/div>\n<\/div>\n<\/div>\n<\/div>\n\n\n\n<div style=\"height:100px\" aria-hidden=\"true\" class=\"wp-block-spacer\"><\/div>\n\n\n\n<p class=\"has-palette-color-2-color has-text-color has-link-color wp-elements-776031fb30bf9521a4173e12da4a3ec6\"><\/p>\n","protected":false},"excerpt":{"rendered":"<p>Formation 2025 : Master en Science de l\u2019Ing\u00e9nieur Industriel, orientation \u00c9lectrom\u00e9canique &#8211; G\u00e9nie m\u00e9canique &amp; a\u00e9rotechnique | Haute \u00e9cole de la province de Li\u00e8ge 2020 : Bachelier en Automobile, option m\u00e9catronique | Haute \u00e9cole de la ville de Li\u00e8ge Formation continue\u00a0(non exhaustif) : G\u00e9othermie verticale &amp; pompes \u00e0 chaleur g\u00e9othermique, Pompe \u00e0 chaleur : choix [&hellip;]<\/p>\n","protected":false},"author":2,"featured_media":0,"parent":131,"menu_order":5,"comment_status":"closed","ping_status":"closed","template":"","meta":{"ngg_post_thumbnail":0,"footnotes":""},"class_list":["post-545","page","type-page","status-publish","hentry"],"blocksy_meta":[],"_links":{"self":[{"href":"https:\/\/energ-ir.be\/index.php\/wp-json\/wp\/v2\/pages\/545","targetHints":{"allow":["GET"]}}],"collection":[{"href":"https:\/\/energ-ir.be\/index.php\/wp-json\/wp\/v2\/pages"}],"about":[{"href":"https:\/\/energ-ir.be\/index.php\/wp-json\/wp\/v2\/types\/page"}],"author":[{"embeddable":true,"href":"https:\/\/energ-ir.be\/index.php\/wp-json\/wp\/v2\/users\/2"}],"replies":[{"embeddable":true,"href":"https:\/\/energ-ir.be\/index.php\/wp-json\/wp\/v2\/comments?post=545"}],"version-history":[{"count":6,"href":"https:\/\/energ-ir.be\/index.php\/wp-json\/wp\/v2\/pages\/545\/revisions"}],"predecessor-version":[{"id":1142,"href":"https:\/\/energ-ir.be\/index.php\/wp-json\/wp\/v2\/pages\/545\/revisions\/1142"}],"up":[{"embeddable":true,"href":"https:\/\/energ-ir.be\/index.php\/wp-json\/wp\/v2\/pages\/131"}],"wp:attachment":[{"href":"https:\/\/energ-ir.be\/index.php\/wp-json\/wp\/v2\/media?parent=545"}],"curies":[{"name":"wp","href":"https:\/\/api.w.org\/{rel}","templated":true}]}}