{"id":539,"date":"2025-08-19T14:02:44","date_gmt":"2025-08-19T12:02:44","guid":{"rendered":"https:\/\/energ-ir.be\/?page_id=539"},"modified":"2026-02-19T09:20:21","modified_gmt":"2026-02-19T08:20:21","slug":"claire","status":"publish","type":"page","link":"https:\/\/energ-ir.be\/index.php\/equipe\/claire\/","title":{"rendered":"Claire Godfrind"},"content":{"rendered":"\n<div class=\"wp-block-cover alignfull has-parallax\" style=\"min-height:227px;aspect-ratio:unset;\"><div role=\"img\" aria-label=\"energ-ir_fond-equipe\" class=\"wp-block-cover__image-background wp-image-206 size-full has-parallax\" style=\"background-position:50% 50%;background-image:url(http:\/\/energ-ir.be\/wp-content\/uploads\/2025\/07\/Fond-Teams.png)\"><\/div><span aria-hidden=\"true\" class=\"wp-block-cover__background has-palette-color-1-background-color has-background-dim-80 has-background-dim\"><\/span><div class=\"wp-block-cover__inner-container is-layout-constrained wp-block-cover-is-layout-constrained\">\n<div class=\"wp-block-columns are-vertically-aligned-center is-layout-flex wp-container-core-columns-is-layout-28f84493 wp-block-columns-is-layout-flex\">\n<div class=\"wp-block-column is-vertically-aligned-center is-layout-flow wp-block-column-is-layout-flow\">\n<h2 class=\"wp-block-heading has-palette-color-5-color has-text-color has-link-color wp-elements-690d6da921ba60cb6ddb67f5e5558885\" style=\"margin-top:0;margin-bottom:0\">Claire Godfrind<\/h2>\n\n\n\n<p><strong>Chef de Projets <\/strong>| Architecte, Chef de Projets en Techniques Sp\u00e9ciales<\/p>\n<\/div>\n<\/div>\n<\/div><\/div>\n\n\n\n<h3 class=\"wp-block-heading has-palette-color-2-color has-text-color has-link-color wp-elements-de789c675fe39ed1c4a15c46f33304b7\">Formation<\/h3>\n\n\n\n<p style=\"margin-top:var(--wp--preset--spacing--30);margin-bottom:var(--wp--preset--spacing--30)\">2021 : <strong>Responsable PEB 2015<\/strong><mark style=\"background-color:rgba(0, 0, 0, 0)\" class=\"has-inline-color has-palette-color-1-color\"><strong> <\/strong>| <\/mark><em>R\u00e9gion Wallonne<\/em><\/p>\n\n\n\n<p style=\"margin-top:var(--wp--preset--spacing--30);margin-bottom:var(--wp--preset--spacing--30)\">2017 : <strong>Master en Architecture <\/strong><mark style=\"background-color:rgba(0, 0, 0, 0)\" class=\"has-inline-color has-palette-color-1-color\"><strong> <\/strong>| <\/mark><em>Ecole d\u2019Architecture La Cambre-Horta de l\u2019Universit\u00e9 Libre de Bruxelles<\/em><\/p>\n\n\n\n<p style=\"margin-top:var(--wp--preset--spacing--30);margin-right:0;margin-bottom:var(--wp--preset--spacing--30);margin-left:0\">2015 : <strong>Bachelier en Architecture &amp; Urbanisme <\/strong><mark style=\"background-color:rgba(0, 0, 0, 0)\" class=\"has-inline-color has-palette-color-1-color\">| <\/mark><em>Universit\u00e9 de Mons<\/em><\/p>\n\n\n\n<p style=\"margin-top:var(--wp--preset--spacing--30);margin-bottom:var(--wp--preset--spacing--30)\"><strong>Formation continue\u00a0<\/strong>(non exhaustif) <strong>:<\/strong> D\u00e9tection incendie suivant norme NBN S21-100-1 et -2 &amp; l&rsquo;\u00e9vacuation vocale (BEMAC), R\u00e9gulation des b\u00e2timents (Bruxelles Environnement), Gestion des surchauffes (Bruxelles Environnement), Journ\u00e9e d\u2019\u00e9tude biomasse et r\u00e9seau de chaleur (TSD), D\u00e9tection de Gaz dans les parkings (Dalemans), R\u00e9forme de la r\u00e8glementation PEB (2025) : \u00e9volution &amp; mise en \u0153uvre (Bruxelles Environnement), Immersion technique \u00ab\u00a0chaufferies biomasse\u00a0\u00bb.<\/p>\n\n\n\n<hr class=\"wp-block-separator has-text-color has-palette-color-6-color has-alpha-channel-opacity has-palette-color-6-background-color has-background is-style-wide\" style=\"margin-top:var(--wp--preset--spacing--60);margin-bottom:var(--wp--preset--spacing--60)\"\/>\n\n\n\n<h3 class=\"wp-block-heading has-palette-color-2-color has-text-color has-link-color wp-elements-3b314d8329bdc9668ed3681e34680b6f\" style=\"margin-top:0;margin-bottom:0\">Exp\u00e9riences professionnelles<\/h3>\n\n\n\n<p style=\"margin-top:var(--wp--preset--spacing--30);margin-right:0;margin-bottom:var(--wp--preset--spacing--30);margin-left:0\">F\u00e9vrier 2024 \u00e0 Aujourd&rsquo;hui : <strong>Chef de Projets <\/strong><mark style=\"background-color:rgba(0, 0, 0, 0)\" class=\"has-inline-color has-palette-color-1-color\">| <\/mark><em>Energ-Ir srl<\/em><\/p>\n\n\n\n<p style=\"margin-top:var(--wp--preset--spacing--30);margin-right:0;margin-bottom:var(--wp--preset--spacing--30);margin-left:0\">Avril 2019 \u00e0 Janvier 2024 : <strong>Chef de Projets <\/strong><mark style=\"background-color:rgba(0, 0, 0, 0)\" class=\"has-inline-color has-palette-color-1-color\">| <\/mark><em>D\u00e9tang Engineering<\/em><\/p>\n\n\n\n<p style=\"margin-top:var(--wp--preset--spacing--30);margin-bottom:var(--wp--preset--spacing--30)\">Septembre 2017 \u00e0 Avril 2019 : <strong>Stagiaire architecte<\/strong><mark style=\"background-color:rgba(0, 0, 0, 0)\" class=\"has-inline-color has-palette-color-1-color\"> | <\/mark><em>Agora Architecture (Bruxelles)<\/em><\/p>\n\n\n\n<div style=\"height:100px\" aria-hidden=\"true\" class=\"wp-block-spacer\"><\/div>\n\n\n\n<div class=\"wp-block-cover alignfull has-parallax\" style=\"min-height:125px;aspect-ratio:unset;\"><div role=\"img\" aria-label=\"energ-ir_fond-equipe\" class=\"wp-block-cover__image-background wp-image-206 size-large has-parallax\" style=\"background-position:50% 50%;background-image:url(http:\/\/energ-ir.be\/wp-content\/uploads\/2025\/07\/Fond-Teams-1024x576.png)\"><\/div><span aria-hidden=\"true\" class=\"wp-block-cover__background has-palette-color-1-background-color has-background-dim-80 has-background-dim\"><\/span><div class=\"wp-block-cover__inner-container is-layout-constrained wp-block-cover-is-layout-constrained\">\n<p class=\"has-text-align-center has-large-font-size\"><\/p>\n<\/div><\/div>\n\n\n\n<div style=\"height:100px\" aria-hidden=\"true\" class=\"wp-block-spacer\"><\/div>\n\n\n\n<div class=\"wp-block-columns is-layout-flex wp-container-core-columns-is-layout-28f84493 wp-block-columns-is-layout-flex\">\n<div class=\"wp-block-column is-vertically-aligned-center has-background is-layout-flow wp-block-column-is-layout-flow\" style=\"border-radius:5px;background-color:#2d9182;padding-top:var(--wp--preset--spacing--40);padding-right:var(--wp--preset--spacing--40);padding-bottom:var(--wp--preset--spacing--40);padding-left:var(--wp--preset--spacing--40)\">\n<h4 class=\"wp-block-heading has-text-align-center\"><mark style=\"background-color:rgba(0, 0, 0, 0)\" class=\"has-inline-color has-palette-color-8-color\">Nous recrutons<\/mark><\/h4>\n\n\n\n<hr class=\"wp-block-separator has-alpha-channel-opacity is-style-wide\"\/>\n\n\n\n<p class=\"has-text-align-center has-palette-color-6-color has-text-color has-link-color wp-elements-650bac80a506c3e72cd872cd3da9b06b\">Nous sommes toujours \u00e0 la recherche de <strong>p\u00e9pites<\/strong>.<\/p>\n\n\n\n<p class=\"has-text-align-center has-palette-color-6-color has-text-color has-link-color wp-elements-d1a2c463b111c69b35ee035f55457fb6\">Si tu es passionn\u00e9(e) par la construction durable, les \u00e9nergies renouvelables et souhaites contribuer activement \u00e0 concevoir des b\u00e2timents respectueux de l\u2019environnement et de leurs utilisateurs, cette offre \u00e0 impact positif est pour toi.<\/p>\n\n\n\n<div style=\"height:15px\" aria-hidden=\"true\" class=\"wp-block-spacer\"><\/div>\n\n\n\n<div class=\"wp-block-columns is-layout-flex wp-container-core-columns-is-layout-28f84493 wp-block-columns-is-layout-flex\">\n<div class=\"wp-block-column is-layout-flow wp-block-column-is-layout-flow\">\n<figure class=\"wp-block-image alignright size-full is-resized\"><img loading=\"lazy\" decoding=\"async\" width=\"875\" height=\"591\" src=\"http:\/\/energ-ir.be\/wp-content\/uploads\/2025\/07\/Rejoignez-equipe.png\" alt=\"energ-ir_recrute\" class=\"wp-image-94\" style=\"width:192px;height:auto\" srcset=\"https:\/\/energ-ir.be\/wp-content\/uploads\/2025\/07\/Rejoignez-equipe.png 875w, https:\/\/energ-ir.be\/wp-content\/uploads\/2025\/07\/Rejoignez-equipe-300x203.png 300w, https:\/\/energ-ir.be\/wp-content\/uploads\/2025\/07\/Rejoignez-equipe-768x519.png 768w\" sizes=\"auto, (max-width: 875px) 100vw, 875px\" \/><\/figure>\n<\/div>\n\n\n\n<div class=\"wp-block-column is-layout-flow wp-block-column-is-layout-flow\">\n<div class=\"wp-block-buttons is-content-justification-left is-layout-flex wp-container-core-buttons-is-layout-fc4fd283 wp-block-buttons-is-layout-flex\">\n<div class=\"wp-block-button\"><a class=\"wp-block-button__link has-palette-color-6-background-color has-text-color has-background has-link-color has-custom-font-size wp-element-button\" href=\"https:\/\/energ-ir.be\/index.php\/jobs\/\" style=\"border-radius:100px;color:#2d9182;font-size:clamp(14px, 0.875rem + ((1vw - 3.2px) * 0.313), 18px);\"><strong><mark style=\"background-color:rgba(0, 0, 0, 0);color:#2d9182\" class=\"has-inline-color\">Offres d&#8217;emploi<\/mark><\/strong><\/a><\/div>\n<\/div>\n<\/div>\n<\/div>\n\n\n\n<div style=\"height:15px\" aria-hidden=\"true\" class=\"wp-block-spacer\"><\/div>\n<\/div>\n\n\n\n<div class=\"wp-block-column has-border-color is-layout-flow wp-block-column-is-layout-flow\" style=\"border-color:#2d9182;border-width:1px;border-radius:5px;padding-top:var(--wp--preset--spacing--40);padding-right:var(--wp--preset--spacing--40);padding-bottom:var(--wp--preset--spacing--40);padding-left:var(--wp--preset--spacing--40)\">\n<h4 class=\"wp-block-heading has-text-align-center has-palette-color-3-color has-text-color has-link-color wp-elements-aef563a38abc6d86e5e25962d032f0e9\">Contact<\/h4>\n\n\n\n<hr class=\"wp-block-separator has-text-color has-alpha-channel-opacity has-background is-style-wide\" style=\"background-color:#2d9182;color:#2d9182\"\/>\n\n\n\n<div class=\"wp-block-columns is-layout-flex wp-container-core-columns-is-layout-28f84493 wp-block-columns-is-layout-flex\">\n<div class=\"wp-block-column is-vertically-aligned-center is-layout-flow wp-block-column-is-layout-flow\" style=\"flex-basis:33.33%\">\n<figure class=\"wp-block-image alignright size-full is-resized\"><img loading=\"lazy\" decoding=\"async\" width=\"875\" height=\"875\" src=\"http:\/\/energ-ir.be\/wp-content\/uploads\/2025\/07\/entreprise.png\" alt=\"energ-ir_entreprise\" class=\"wp-image-89\" style=\"width:26px;height:auto\" srcset=\"https:\/\/energ-ir.be\/wp-content\/uploads\/2025\/07\/entreprise.png 875w, https:\/\/energ-ir.be\/wp-content\/uploads\/2025\/07\/entreprise-300x300.png 300w, https:\/\/energ-ir.be\/wp-content\/uploads\/2025\/07\/entreprise-150x150.png 150w, https:\/\/energ-ir.be\/wp-content\/uploads\/2025\/07\/entreprise-768x768.png 768w\" sizes=\"auto, (max-width: 875px) 100vw, 875px\" \/><\/figure>\n<\/div>\n\n\n\n<div class=\"wp-block-column is-layout-flow wp-block-column-is-layout-flow\" style=\"flex-basis:66.66%\">\n<p><strong>Energ-Ir srl<\/strong><br>BE0833.844.563<\/p>\n<\/div>\n<\/div>\n\n\n\n<div class=\"wp-block-columns is-layout-flex wp-container-core-columns-is-layout-28f84493 wp-block-columns-is-layout-flex\">\n<div class=\"wp-block-column is-vertically-aligned-center is-layout-flow wp-block-column-is-layout-flow\" style=\"flex-basis:33.33%\">\n<figure class=\"wp-block-image alignright size-full is-resized\"><img loading=\"lazy\" decoding=\"async\" width=\"875\" height=\"875\" src=\"http:\/\/energ-ir.be\/wp-content\/uploads\/2025\/07\/lieu.png\" alt=\"energ-ir_lieu\" class=\"wp-image-91\" style=\"width:26px\" srcset=\"https:\/\/energ-ir.be\/wp-content\/uploads\/2025\/07\/lieu.png 875w, https:\/\/energ-ir.be\/wp-content\/uploads\/2025\/07\/lieu-300x300.png 300w, https:\/\/energ-ir.be\/wp-content\/uploads\/2025\/07\/lieu-150x150.png 150w, https:\/\/energ-ir.be\/wp-content\/uploads\/2025\/07\/lieu-768x768.png 768w\" sizes=\"auto, (max-width: 875px) 100vw, 875px\" \/><\/figure>\n<\/div>\n\n\n\n<div class=\"wp-block-column is-vertically-aligned-center is-layout-flow wp-block-column-is-layout-flow\" style=\"flex-basis:66.66%\">\n<p>Chauss\u00e9e de Namur, 403<br>5030 Gembloux (Beuzet)<\/p>\n<\/div>\n<\/div>\n\n\n\n<div class=\"wp-block-columns is-layout-flex wp-container-core-columns-is-layout-28f84493 wp-block-columns-is-layout-flex\">\n<div class=\"wp-block-column is-vertically-aligned-center is-layout-flow wp-block-column-is-layout-flow\" style=\"flex-basis:33.33%\">\n<figure class=\"wp-block-image alignright size-full is-resized\"><img loading=\"lazy\" decoding=\"async\" width=\"875\" height=\"875\" src=\"http:\/\/energ-ir.be\/wp-content\/uploads\/2025\/07\/gsm.png\" alt=\"energ-ir_telephone\" class=\"wp-image-90\" style=\"width:26px\" srcset=\"https:\/\/energ-ir.be\/wp-content\/uploads\/2025\/07\/gsm.png 875w, https:\/\/energ-ir.be\/wp-content\/uploads\/2025\/07\/gsm-300x300.png 300w, https:\/\/energ-ir.be\/wp-content\/uploads\/2025\/07\/gsm-150x150.png 150w, https:\/\/energ-ir.be\/wp-content\/uploads\/2025\/07\/gsm-768x768.png 768w\" sizes=\"auto, (max-width: 875px) 100vw, 875px\" \/><\/figure>\n<\/div>\n\n\n\n<div class=\"wp-block-column is-vertically-aligned-center is-layout-flow wp-block-column-is-layout-flow\" style=\"flex-basis:66.66%\">\n<p>+32 (0) 81 22 17 25<\/p>\n<\/div>\n<\/div>\n\n\n\n<div class=\"wp-block-buttons is-content-justification-center is-layout-flex wp-container-core-buttons-is-layout-a89b3969 wp-block-buttons-is-layout-flex\">\n<div class=\"wp-block-button\"><a class=\"wp-block-button__link has-background has-custom-font-size wp-element-button\" href=\"mailto: info@energ-ir.be\" style=\"border-radius:100px;background-color:#2d9182;font-size:clamp(14px, 0.875rem + ((1vw - 3.2px) * 0.313), 18px);\"><strong><mark style=\"background-color:rgba(0, 0, 0, 0)\" class=\"has-inline-color has-palette-color-8-color\">Nous contacter<\/mark><\/strong><\/a><\/div>\n<\/div>\n<\/div>\n<\/div>\n\n\n\n<div style=\"height:100px\" aria-hidden=\"true\" class=\"wp-block-spacer\"><\/div>\n\n\n\n<p class=\"has-palette-color-2-color has-text-color has-link-color wp-elements-77c3023b86d83a26a0d26155097b4bc4\"><\/p>\n","protected":false},"excerpt":{"rendered":"<p>Formation 2021 : Responsable PEB 2015 | R\u00e9gion Wallonne 2017 : Master en Architecture | Ecole d\u2019Architecture La Cambre-Horta de l\u2019Universit\u00e9 Libre de Bruxelles 2015 : Bachelier en Architecture &amp; Urbanisme | Universit\u00e9 de Mons Formation continue\u00a0(non exhaustif) : D\u00e9tection incendie suivant norme NBN S21-100-1 et -2 &amp; l&rsquo;\u00e9vacuation vocale (BEMAC), R\u00e9gulation des b\u00e2timents (Bruxelles [&hellip;]<\/p>\n","protected":false},"author":2,"featured_media":0,"parent":131,"menu_order":3,"comment_status":"closed","ping_status":"closed","template":"","meta":{"ngg_post_thumbnail":0,"footnotes":""},"class_list":["post-539","page","type-page","status-publish","hentry"],"blocksy_meta":[],"_links":{"self":[{"href":"https:\/\/energ-ir.be\/index.php\/wp-json\/wp\/v2\/pages\/539","targetHints":{"allow":["GET"]}}],"collection":[{"href":"https:\/\/energ-ir.be\/index.php\/wp-json\/wp\/v2\/pages"}],"about":[{"href":"https:\/\/energ-ir.be\/index.php\/wp-json\/wp\/v2\/types\/page"}],"author":[{"embeddable":true,"href":"https:\/\/energ-ir.be\/index.php\/wp-json\/wp\/v2\/users\/2"}],"replies":[{"embeddable":true,"href":"https:\/\/energ-ir.be\/index.php\/wp-json\/wp\/v2\/comments?post=539"}],"version-history":[{"count":9,"href":"https:\/\/energ-ir.be\/index.php\/wp-json\/wp\/v2\/pages\/539\/revisions"}],"predecessor-version":[{"id":1138,"href":"https:\/\/energ-ir.be\/index.php\/wp-json\/wp\/v2\/pages\/539\/revisions\/1138"}],"up":[{"embeddable":true,"href":"https:\/\/energ-ir.be\/index.php\/wp-json\/wp\/v2\/pages\/131"}],"wp:attachment":[{"href":"https:\/\/energ-ir.be\/index.php\/wp-json\/wp\/v2\/media?parent=539"}],"curies":[{"name":"wp","href":"https:\/\/api.w.org\/{rel}","templated":true}]}}