{"id":21,"date":"2025-07-17T14:35:29","date_gmt":"2025-07-17T12:35:29","guid":{"rendered":"http:\/\/energ-ir.be\/?page_id=21"},"modified":"2025-07-17T15:14:52","modified_gmt":"2025-07-17T13:14:52","slug":"concepteur-energie","status":"publish","type":"page","link":"https:\/\/energ-ir.be\/index.php\/jobs\/concepteur-energie\/","title":{"rendered":"Concepteur Energie \/ PEB (h\/f)"},"content":{"rendered":"\n<div style=\"height:49px\" aria-hidden=\"true\" class=\"wp-block-spacer\"><\/div>\n\n\n\n\n\n<h2 class=\"wp-block-heading\"><mark style=\"background-color:rgba(0, 0, 0, 0);color:#2d9182\" class=\"has-inline-color\">Concepteur Energie \/ PEB (h\/f)<\/mark><\/h2>\n\n\n\n<p>CDI <mark style=\"background-color:rgba(0, 0, 0, 0);color:#2d9182\" class=\"has-inline-color\">\u25cf<\/mark> Temps plein  <mark style=\"background-color:rgba(0, 0, 0, 0);color:#2d9182\" class=\"has-inline-color\">\u25cf<\/mark> Gembloux (Beuzet)<\/p>\n\n\n\n<hr class=\"wp-block-separator has-text-color has-palette-color-1-color has-alpha-channel-opacity has-palette-color-1-background-color has-background is-style-wide\"\/>\n\n\n\n<div class=\"wp-block-buttons is-layout-flex wp-block-buttons-is-layout-flex\">\n<div class=\"wp-block-button\"><a class=\"wp-block-button__link has-palette-color-5-color has-palette-color-1-background-color has-text-color has-background has-link-color has-custom-font-size wp-element-button\" href=\"mailto: info@energ-ir.be?subject=Candidature\" style=\"border-radius:100px;font-size:clamp(14px, 0.875rem + ((1vw - 3.2px) * 0.156), 16px);\">POSTULER<\/a><\/div>\n<\/div>\n\n\n\n<div style=\"height:30px\" aria-hidden=\"true\" class=\"wp-block-spacer\"><\/div>\n\n\n\n<h4 class=\"wp-block-heading\">Description du poste<\/h4>\n\n\n\n<p>Vous participez \u00e0 la conception des projets et apportez votre expertise sp\u00e9cifique pour le volet \u00e9nergie.<\/p>\n\n\n\n<p>Vous travaillez au sein de l\u2019\u00e9quipe d\u2019ing\u00e9nieurs et r\u00e9alisez les missions de :<\/p>\n\n\n\n<ul class=\"wp-block-list\">\n<li style=\"padding-top:var(--wp--preset--spacing--20);padding-bottom:var(--wp--preset--spacing--20)\">\u00c9tude \/ conception \/validation de la conception \u00e9nerg\u00e9tique&nbsp;:\n<ul class=\"wp-block-list\">\n<li style=\"padding-top:0;padding-bottom:0\">PEB<\/li>\n\n\n\n<li style=\"padding-top:0;padding-bottom:0\">PHPP<\/li>\n\n\n\n<li style=\"padding-top:0;padding-bottom:0\">N\u0153uds constructifs<\/li>\n\n\n\n<li style=\"padding-top:0;padding-bottom:0\">Risque de surchauffe<\/li>\n\n\n\n<li style=\"padding-top:0;padding-bottom:0\">Optimisation<\/li>\n\n\n\n<li style=\"padding-top:0;padding-bottom:0\">Etudes de faisabilit\u00e9<\/li>\n<\/ul>\n<\/li>\n\n\n\n<li style=\"padding-top:var(--wp--preset--spacing--20);padding-bottom:var(--wp--preset--spacing--20)\">Participation active aux r\u00e9unions de travail avec l\u2019\u00e9quipe de conception;<\/li>\n\n\n\n<li style=\"padding-top:var(--wp--preset--spacing--20);padding-bottom:var(--wp--preset--spacing--20)\">Supervision de l\u2019ex\u00e9cution sur chantier et r\u00e9daction des PV;<\/li>\n\n\n\n<li style=\"padding-top:var(--wp--preset--spacing--20);padding-bottom:var(--wp--preset--spacing--20)\">Missions compl\u00e9mentaires&nbsp;: dimensionnement chauffage, d\u00e9bits de ventilation, comparaison des offres, etc.<\/li>\n<\/ul>\n\n\n\n<div style=\"height:30px\" aria-hidden=\"true\" class=\"wp-block-spacer\"><\/div>\n\n\n\n<h4 class=\"wp-block-heading\">Nous offrons<\/h4>\n\n\n\n<ul class=\"wp-block-list\">\n<li style=\"padding-top:var(--wp--preset--spacing--20);padding-bottom:var(--wp--preset--spacing--20)\">Un emploi stable sous statut d&#8217;employ\u00e9 (<strong>CDI temps plein<\/strong>) ou d\u2019ind\u00e9pendant (au choix du candidat);<\/li>\n\n\n\n<li style=\"padding-top:var(--wp--preset--spacing--20);padding-bottom:var(--wp--preset--spacing--20)\">Une approche <strong>bienveillante<\/strong> et \u00e9panouissante au sein d\u2019une \u00e9quipe dynamique \u00e0 taille humaine;<\/li>\n\n\n\n<li style=\"padding-top:var(--wp--preset--spacing--20);padding-bottom:var(--wp--preset--spacing--20)\">Une grande diversit\u00e9 de projets&nbsp;: cr\u00e8ches, \u00e9coles, immeubles de logements et de bureaux, centres sportifs, centres culturels, refuges pour animaux, etc.<\/li>\n\n\n\n<li style=\"padding-top:var(--wp--preset--spacing--20);padding-bottom:var(--wp--preset--spacing--20)\">Des prestations vari\u00e9es r\u00e9parties entre le travail au bureau (Gembloux), sur chantier, chez les architectes, \u2026;<\/li>\n\n\n\n<li style=\"padding-top:var(--wp--preset--spacing--20);padding-bottom:var(--wp--preset--spacing--20)\">Possibilit\u00e9 de <strong>t\u00e9l\u00e9travail<\/strong> (max. 1,5 jours \/ semaine);<\/li>\n\n\n\n<li style=\"padding-top:var(--wp--preset--spacing--20);padding-bottom:var(--wp--preset--spacing--20)\">Une formation permanente en interne et en externe;<\/li>\n\n\n\n<li style=\"padding-top:var(--wp--preset--spacing--20);padding-bottom:var(--wp--preset--spacing--20)\">Un <strong>salaire attractif<\/strong> accompagn\u00e9 de nombreux <strong>avantages extra-l\u00e9gaux;<\/strong><\/li>\n\n\n\n<li style=\"padding-top:var(--wp--preset--spacing--20);padding-bottom:var(--wp--preset--spacing--20)\">Un <strong>horaire flexible<\/strong> dans la prestation des 38h par semaine;<\/li>\n\n\n\n<li style=\"padding-top:var(--wp--preset--spacing--20);padding-bottom:var(--wp--preset--spacing--20)\">La possibilit\u00e9 <strong>d\u2019\u00e9voluer vers un poste d\u2019ing\u00e9nieur en techniques sp\u00e9ciales<\/strong> en fonction des capacit\u00e9s et aspirations.<\/li>\n<\/ul>\n\n\n\n<div style=\"height:30px\" aria-hidden=\"true\" class=\"wp-block-spacer\"><\/div>\n\n\n\n<h4 class=\"wp-block-heading\">Profil<\/h4>\n\n\n\n<ul class=\"wp-block-list\">\n<li style=\"padding-top:var(--wp--preset--spacing--20);padding-bottom:var(--wp--preset--spacing--20)\">Vous disposez d\u2019un master en tant qu\u2019<strong>Architecte<\/strong> ou de <strong>Bioing\u00e9nieur <\/strong>ou encore d\u2019un bachelier <strong>en construction, en \u00e9lectrom\u00e9canique, en g\u00e9nie \u00e9lectrique, domotique et gestion des b\u00e2timents <\/strong>ou formation \u00e9quivalente.<\/li>\n\n\n\n<li style=\"padding-top:var(--wp--preset--spacing--20);padding-bottom:var(--wp--preset--spacing--20)\">Vous \u00eates rigoureux et exigeant envers vous-m\u00eame, capable d\u2019autonomie et d\u2019initiatives.<\/li>\n\n\n\n<li style=\"padding-top:var(--wp--preset--spacing--20);padding-bottom:var(--wp--preset--spacing--20)\">Vous \u00eates curieux, ouvert et pr\u00eat \u00e0 vous former de mani\u00e8re continue.<\/li>\n\n\n\n<li style=\"padding-top:var(--wp--preset--spacing--20);padding-bottom:var(--wp--preset--spacing--20)\">La connaissance des outils tels que PEB, PHPP, DesignBuilder, TRNSYS, est un atout.<\/li>\n\n\n\n<li style=\"padding-top:var(--wp--preset--spacing--20);padding-bottom:var(--wp--preset--spacing--20)\">Vous ma\u00eetrisez l\u2019expression orale et \u00e9crite en fran\u00e7ais;<\/li>\n\n\n\n<li style=\"padding-top:var(--wp--preset--spacing--20);padding-bottom:var(--wp--preset--spacing--20)\">La connaissance du n\u00e9erlandais est un atout.<\/li>\n<\/ul>\n\n\n\n<div style=\"height:60px\" aria-hidden=\"true\" class=\"wp-block-spacer\"><\/div>\n\n\n\n<div class=\"wp-block-columns is-layout-flex wp-container-core-columns-is-layout-28f84493 wp-block-columns-is-layout-flex\">\n<div class=\"wp-block-column is-layout-flow wp-block-column-is-layout-flow\">\n<p class=\"has-large-font-size\"><strong>Ce poste est fait pour moi !<\/strong><\/p>\n\n\n\n<div class=\"wp-block-buttons is-content-justification-left is-layout-flex wp-container-core-buttons-is-layout-a9c96453 wp-block-buttons-is-layout-flex\" style=\"padding-right:0;padding-left:0\">\n<div class=\"wp-block-button\"><a class=\"wp-block-button__link has-palette-color-6-color has-text-color has-background has-link-color has-custom-font-size wp-element-button\" href=\"mailto: info@energ-ir.be?subject=Candidature\" style=\"border-radius:100px;background-color:#2d9182;font-size:clamp(14px, 0.875rem + ((1vw - 3.2px) * 0.156), 16px);\">POSTULER<\/a><\/div>\n<\/div>\n<\/div>\n\n\n\n<div class=\"wp-block-column is-layout-flow wp-block-column-is-layout-flow\">\n<figure class=\"wp-block-image size-full is-resized\"><img loading=\"lazy\" decoding=\"async\" width=\"875\" height=\"591\" src=\"http:\/\/energ-ir.be\/wp-content\/uploads\/2025\/07\/Rejoignez-equipe.png\" alt=\"energ-ir_recrute\" class=\"wp-image-94\" style=\"width:233px;height:auto\" srcset=\"https:\/\/energ-ir.be\/wp-content\/uploads\/2025\/07\/Rejoignez-equipe.png 875w, https:\/\/energ-ir.be\/wp-content\/uploads\/2025\/07\/Rejoignez-equipe-300x203.png 300w, https:\/\/energ-ir.be\/wp-content\/uploads\/2025\/07\/Rejoignez-equipe-768x519.png 768w\" sizes=\"auto, (max-width: 875px) 100vw, 875px\" \/><\/figure>\n<\/div>\n<\/div>\n\n\n\n<div style=\"height:90px\" aria-hidden=\"true\" class=\"wp-block-spacer\"><\/div>\n\n\n\n<p><\/p>\n","protected":false},"excerpt":{"rendered":"<p>Concepteur Energie \/ PEB (h\/f) CDI \u25cf Temps plein \u25cf Gembloux (Beuzet) Description du poste Vous participez \u00e0 la conception des projets et apportez votre expertise sp\u00e9cifique pour le volet \u00e9nergie. Vous travaillez au sein de l\u2019\u00e9quipe d\u2019ing\u00e9nieurs et r\u00e9alisez les missions de : Nous offrons Profil Ce poste est fait pour moi !<\/p>\n","protected":false},"author":2,"featured_media":0,"parent":11,"menu_order":3,"comment_status":"closed","ping_status":"closed","template":"","meta":{"ngg_post_thumbnail":0,"footnotes":""},"class_list":["post-21","page","type-page","status-publish","hentry"],"blocksy_meta":[],"_links":{"self":[{"href":"https:\/\/energ-ir.be\/index.php\/wp-json\/wp\/v2\/pages\/21","targetHints":{"allow":["GET"]}}],"collection":[{"href":"https:\/\/energ-ir.be\/index.php\/wp-json\/wp\/v2\/pages"}],"about":[{"href":"https:\/\/energ-ir.be\/index.php\/wp-json\/wp\/v2\/types\/page"}],"author":[{"embeddable":true,"href":"https:\/\/energ-ir.be\/index.php\/wp-json\/wp\/v2\/users\/2"}],"replies":[{"embeddable":true,"href":"https:\/\/energ-ir.be\/index.php\/wp-json\/wp\/v2\/comments?post=21"}],"version-history":[{"count":8,"href":"https:\/\/energ-ir.be\/index.php\/wp-json\/wp\/v2\/pages\/21\/revisions"}],"predecessor-version":[{"id":519,"href":"https:\/\/energ-ir.be\/index.php\/wp-json\/wp\/v2\/pages\/21\/revisions\/519"}],"up":[{"embeddable":true,"href":"https:\/\/energ-ir.be\/index.php\/wp-json\/wp\/v2\/pages\/11"}],"wp:attachment":[{"href":"https:\/\/energ-ir.be\/index.php\/wp-json\/wp\/v2\/media?parent=21"}],"curies":[{"name":"wp","href":"https:\/\/api.w.org\/{rel}","templated":true}]}}