{"id":13,"date":"2025-07-17T14:25:43","date_gmt":"2025-07-17T12:25:43","guid":{"rendered":"http:\/\/energ-ir.be\/?page_id=13"},"modified":"2025-12-11T15:56:20","modified_gmt":"2025-12-11T14:56:20","slug":"references","status":"publish","type":"page","link":"https:\/\/energ-ir.be\/index.php\/references\/","title":{"rendered":"R\u00e9f\u00e9rences"},"content":{"rendered":"\n<div class=\"wp-block-cover alignfull\" style=\"margin-top:0;margin-bottom:0\"><img loading=\"lazy\" decoding=\"async\" width=\"2560\" height=\"1229\" class=\"wp-block-cover__image-background wp-image-309 size-full\" alt=\"energ-ir_banner-references\" src=\"http:\/\/energ-ir.be\/wp-content\/uploads\/2025\/07\/Reference-banner-scaled.png\" style=\"object-position:52% 100%\" data-object-fit=\"cover\" data-object-position=\"52% 100%\" srcset=\"https:\/\/energ-ir.be\/wp-content\/uploads\/2025\/07\/Reference-banner-scaled.png 2560w, https:\/\/energ-ir.be\/wp-content\/uploads\/2025\/07\/Reference-banner-300x144.png 300w, https:\/\/energ-ir.be\/wp-content\/uploads\/2025\/07\/Reference-banner-1024x492.png 1024w, https:\/\/energ-ir.be\/wp-content\/uploads\/2025\/07\/Reference-banner-768x369.png 768w, https:\/\/energ-ir.be\/wp-content\/uploads\/2025\/07\/Reference-banner-1536x737.png 1536w\" sizes=\"auto, (max-width: 2560px) 100vw, 2560px\" \/><span aria-hidden=\"true\" class=\"wp-block-cover__background has-palette-color-1-background-color has-background-dim-30 has-background-dim\"><\/span><div class=\"wp-block-cover__inner-container is-layout-constrained wp-block-cover-is-layout-constrained\">\n<div class=\"wp-block-columns are-vertically-aligned-center is-layout-flex wp-container-core-columns-is-layout-28f84493 wp-block-columns-is-layout-flex\">\n<div class=\"wp-block-column is-vertically-aligned-center is-layout-flow wp-block-column-is-layout-flow\">\n<h2 class=\"wp-block-heading\"><mark style=\"background-color:rgba(0, 0, 0, 0)\" class=\"has-inline-color has-palette-color-8-color\">R\u00e9f\u00e9rences<\/mark><\/h2>\n<\/div>\n<\/div>\n<\/div><\/div>\n\n\n\n<div class=\"wp-block-cover alignfull\" style=\"margin-top:0;margin-bottom:0;min-height:61px;aspect-ratio:unset;\"><span aria-hidden=\"true\" class=\"wp-block-cover__background has-palette-color-1-background-color has-background-dim-100 has-background-dim\"><\/span><div class=\"wp-block-cover__inner-container is-layout-constrained wp-block-cover-is-layout-constrained\">\n<h5 class=\"wp-block-heading has-text-align-center has-medium-font-size\"><mark style=\"background-color:rgba(0, 0, 0, 0)\" class=\"has-inline-color has-palette-color-7-color\">Toute l&rsquo;\u00e9quipe d&rsquo;Energ-Ir vous souhaite de belles &amp; heureuses f\u00eates de fin d&rsquo;ann\u00e9e !<\/mark><\/h5>\n<\/div><\/div>\n\n\n\n<div style=\"height:31px\" aria-hidden=\"true\" class=\"wp-block-spacer\"><\/div>\n\n\n\n<p class=\"has-text-align-center has-palette-color-2-color has-text-color has-link-color has-large-font-size wp-elements-2d2c45915c7f861129a0813330eeb981\"><strong>La page reprenant l&rsquo;ensemble de nos r\u00e9f\u00e9rences est en cours de construction.<\/strong><\/p>\n\n\n\n<p class=\"has-text-align-center has-palette-color-2-color has-text-color has-link-color has-medium-font-size wp-elements-7d3161e9467075eb7705087b2d2c6a82\">Encore un peu de patience ! <\/p>\n\n\n\n<p class=\"has-text-align-center has-palette-color-2-color has-text-color has-link-color has-medium-font-size wp-elements-38123869879421509340c0857a40446d\">En attendant, retrouvez sur notre <strong>page principale<\/strong> l&rsquo;aper\u00e7u des projets sur lesquels nous travaillons, et certaines de nos r\u00e9f\u00e9rences.<\/p>\n\n\n\n<div class=\"wp-block-buttons is-content-justification-center is-layout-flex wp-container-core-buttons-is-layout-35aeb447 wp-block-buttons-is-layout-flex\">\n<div class=\"wp-block-button\"><a class=\"wp-block-button__link has-custom-font-size wp-element-button\" href=\"https:\/\/energ-ir.be\/\" style=\"border-radius:100px;padding-right:var(--wp--preset--spacing--50);padding-left:var(--wp--preset--spacing--50);font-size:clamp(14px, 0.875rem + ((1vw - 3.2px) * 0.313), 18px);\">Retour \u00e0 la page d&rsquo;accueil<\/a><\/div>\n<\/div>\n\n\n\n<div style=\"height:100px\" aria-hidden=\"true\" class=\"wp-block-spacer\"><\/div>\n\n\n\n<div class=\"wp-block-columns is-layout-flex wp-container-core-columns-is-layout-28f84493 wp-block-columns-is-layout-flex\">\n<div class=\"wp-block-column is-vertically-aligned-center has-background is-layout-flow wp-block-column-is-layout-flow\" style=\"border-radius:5px;background-color:#2d9182;padding-top:var(--wp--preset--spacing--40);padding-right:var(--wp--preset--spacing--40);padding-bottom:var(--wp--preset--spacing--40);padding-left:var(--wp--preset--spacing--40)\">\n<h4 class=\"wp-block-heading has-text-align-center\"><mark style=\"background-color:rgba(0, 0, 0, 0)\" class=\"has-inline-color has-palette-color-8-color\">Nous recrutons<\/mark><\/h4>\n\n\n\n<hr class=\"wp-block-separator has-alpha-channel-opacity is-style-wide\"\/>\n\n\n\n<p class=\"has-text-align-center has-palette-color-6-color has-text-color has-link-color wp-elements-650bac80a506c3e72cd872cd3da9b06b\">Nous sommes toujours \u00e0 la recherche de <strong>p\u00e9pites<\/strong>.<\/p>\n\n\n\n<p class=\"has-text-align-center has-palette-color-6-color has-text-color has-link-color wp-elements-d1a2c463b111c69b35ee035f55457fb6\">Si tu es passionn\u00e9(e) par la construction durable, les \u00e9nergies renouvelables et souhaites contribuer activement \u00e0 concevoir des b\u00e2timents respectueux de l\u2019environnement et de leurs utilisateurs, cette offre \u00e0 impact positif est pour toi.<\/p>\n\n\n\n<div style=\"height:15px\" aria-hidden=\"true\" class=\"wp-block-spacer\"><\/div>\n\n\n\n<div class=\"wp-block-columns is-layout-flex wp-container-core-columns-is-layout-28f84493 wp-block-columns-is-layout-flex\">\n<div class=\"wp-block-column is-layout-flow wp-block-column-is-layout-flow\">\n<figure class=\"wp-block-image alignright size-full is-resized\"><img loading=\"lazy\" decoding=\"async\" width=\"875\" height=\"591\" src=\"http:\/\/energ-ir.be\/wp-content\/uploads\/2025\/07\/Rejoignez-equipe.png\" alt=\"energ-ir_recrute\" class=\"wp-image-94\" style=\"width:192px;height:auto\" srcset=\"https:\/\/energ-ir.be\/wp-content\/uploads\/2025\/07\/Rejoignez-equipe.png 875w, https:\/\/energ-ir.be\/wp-content\/uploads\/2025\/07\/Rejoignez-equipe-300x203.png 300w, https:\/\/energ-ir.be\/wp-content\/uploads\/2025\/07\/Rejoignez-equipe-768x519.png 768w\" sizes=\"auto, (max-width: 875px) 100vw, 875px\" \/><\/figure>\n<\/div>\n\n\n\n<div class=\"wp-block-column is-layout-flow wp-block-column-is-layout-flow\">\n<div class=\"wp-block-buttons is-content-justification-left is-layout-flex wp-container-core-buttons-is-layout-fc4fd283 wp-block-buttons-is-layout-flex\">\n<div class=\"wp-block-button\"><a class=\"wp-block-button__link has-palette-color-6-background-color has-text-color has-background has-link-color has-custom-font-size wp-element-button\" href=\"https:\/\/energ-ir.be\/index.php\/jobs\/\" style=\"border-radius:100px;color:#2d9182;font-size:clamp(14px, 0.875rem + ((1vw - 3.2px) * 0.313), 18px);\"><strong><mark style=\"background-color:rgba(0, 0, 0, 0);color:#2d9182\" class=\"has-inline-color\">Offres d&#8217;emploi<\/mark><\/strong><\/a><\/div>\n<\/div>\n<\/div>\n<\/div>\n\n\n\n<div style=\"height:15px\" aria-hidden=\"true\" class=\"wp-block-spacer\"><\/div>\n<\/div>\n\n\n\n<div class=\"wp-block-column has-border-color is-layout-flow wp-block-column-is-layout-flow\" style=\"border-color:#2d9182;border-width:1px;border-radius:5px;padding-top:var(--wp--preset--spacing--40);padding-right:var(--wp--preset--spacing--40);padding-bottom:var(--wp--preset--spacing--40);padding-left:var(--wp--preset--spacing--40)\">\n<h4 class=\"wp-block-heading has-text-align-center has-palette-color-3-color has-text-color has-link-color wp-elements-aef563a38abc6d86e5e25962d032f0e9\">Contact<\/h4>\n\n\n\n<hr class=\"wp-block-separator has-text-color has-alpha-channel-opacity has-background is-style-wide\" style=\"background-color:#2d9182;color:#2d9182\"\/>\n\n\n\n<div class=\"wp-block-columns is-layout-flex wp-container-core-columns-is-layout-28f84493 wp-block-columns-is-layout-flex\">\n<div class=\"wp-block-column is-vertically-aligned-center is-layout-flow wp-block-column-is-layout-flow\" style=\"flex-basis:33.33%\">\n<figure class=\"wp-block-image alignright size-full is-resized\"><img loading=\"lazy\" decoding=\"async\" width=\"875\" height=\"875\" src=\"http:\/\/energ-ir.be\/wp-content\/uploads\/2025\/07\/entreprise.png\" alt=\"energ-ir_entreprise\" class=\"wp-image-89\" style=\"width:26px;height:auto\" srcset=\"https:\/\/energ-ir.be\/wp-content\/uploads\/2025\/07\/entreprise.png 875w, https:\/\/energ-ir.be\/wp-content\/uploads\/2025\/07\/entreprise-300x300.png 300w, https:\/\/energ-ir.be\/wp-content\/uploads\/2025\/07\/entreprise-150x150.png 150w, https:\/\/energ-ir.be\/wp-content\/uploads\/2025\/07\/entreprise-768x768.png 768w\" sizes=\"auto, (max-width: 875px) 100vw, 875px\" \/><\/figure>\n<\/div>\n\n\n\n<div class=\"wp-block-column is-layout-flow wp-block-column-is-layout-flow\" style=\"flex-basis:66.66%\">\n<p class=\"has-palette-color-2-color has-text-color has-link-color wp-elements-94f223d31711952f2fc6627eb3f0a212\"><strong>Energ-Ir srl<\/strong><br>BE0833.844.563<\/p>\n<\/div>\n<\/div>\n\n\n\n<div class=\"wp-block-columns is-layout-flex wp-container-core-columns-is-layout-28f84493 wp-block-columns-is-layout-flex\">\n<div class=\"wp-block-column is-vertically-aligned-center is-layout-flow wp-block-column-is-layout-flow\" style=\"flex-basis:33.33%\">\n<figure class=\"wp-block-image alignright size-full is-resized\"><img loading=\"lazy\" decoding=\"async\" width=\"875\" height=\"875\" src=\"http:\/\/energ-ir.be\/wp-content\/uploads\/2025\/07\/lieu.png\" alt=\"energ-ir_lieu\" class=\"wp-image-91\" style=\"width:26px\" srcset=\"https:\/\/energ-ir.be\/wp-content\/uploads\/2025\/07\/lieu.png 875w, https:\/\/energ-ir.be\/wp-content\/uploads\/2025\/07\/lieu-300x300.png 300w, https:\/\/energ-ir.be\/wp-content\/uploads\/2025\/07\/lieu-150x150.png 150w, https:\/\/energ-ir.be\/wp-content\/uploads\/2025\/07\/lieu-768x768.png 768w\" sizes=\"auto, (max-width: 875px) 100vw, 875px\" \/><\/figure>\n<\/div>\n\n\n\n<div class=\"wp-block-column is-vertically-aligned-center is-layout-flow wp-block-column-is-layout-flow\" style=\"flex-basis:66.66%\">\n<p class=\"has-palette-color-2-color has-text-color has-link-color wp-elements-e485547139519d1c20e15b490be44a3d\">Chauss\u00e9e de Namur, 403<br>5030 Gembloux (Beuzet)<\/p>\n<\/div>\n<\/div>\n\n\n\n<div class=\"wp-block-columns is-layout-flex wp-container-core-columns-is-layout-28f84493 wp-block-columns-is-layout-flex\">\n<div class=\"wp-block-column is-vertically-aligned-center is-layout-flow wp-block-column-is-layout-flow\" style=\"flex-basis:33.33%\">\n<figure class=\"wp-block-image alignright size-full is-resized\"><img loading=\"lazy\" decoding=\"async\" width=\"875\" height=\"875\" src=\"http:\/\/energ-ir.be\/wp-content\/uploads\/2025\/07\/gsm.png\" alt=\"energ-ir_telephone\" class=\"wp-image-90\" style=\"width:26px\" srcset=\"https:\/\/energ-ir.be\/wp-content\/uploads\/2025\/07\/gsm.png 875w, https:\/\/energ-ir.be\/wp-content\/uploads\/2025\/07\/gsm-300x300.png 300w, https:\/\/energ-ir.be\/wp-content\/uploads\/2025\/07\/gsm-150x150.png 150w, https:\/\/energ-ir.be\/wp-content\/uploads\/2025\/07\/gsm-768x768.png 768w\" sizes=\"auto, (max-width: 875px) 100vw, 875px\" \/><\/figure>\n<\/div>\n\n\n\n<div class=\"wp-block-column is-vertically-aligned-center is-layout-flow wp-block-column-is-layout-flow\" style=\"flex-basis:66.66%\">\n<p class=\"has-palette-color-2-color has-text-color has-link-color wp-elements-f3357011e540d2c6dd8480d81ffb1779\">+32 (0) 81 22 17 25<\/p>\n<\/div>\n<\/div>\n\n\n\n<div class=\"wp-block-buttons is-content-justification-center is-layout-flex wp-container-core-buttons-is-layout-a89b3969 wp-block-buttons-is-layout-flex\">\n<div class=\"wp-block-button\"><a class=\"wp-block-button__link has-background has-custom-font-size wp-element-button\" href=\"mailto: info@energ-ir.be\" style=\"border-radius:100px;background-color:#2d9182;font-size:clamp(14px, 0.875rem + ((1vw - 3.2px) * 0.313), 18px);\"><strong><mark style=\"background-color:rgba(0, 0, 0, 0)\" class=\"has-inline-color has-palette-color-8-color\">Nous contacter<\/mark><\/strong><\/a><\/div>\n<\/div>\n<\/div>\n<\/div>\n\n\n\n<div style=\"height:100px\" aria-hidden=\"true\" class=\"wp-block-spacer\"><\/div>\n\n\n\n<p><\/p>\n","protected":false},"excerpt":{"rendered":"<p>La page reprenant l&rsquo;ensemble de nos r\u00e9f\u00e9rences est en cours de construction. Encore un peu de patience ! En attendant, retrouvez sur notre page principale l&rsquo;aper\u00e7u des projets sur lesquels nous travaillons, et certaines de nos r\u00e9f\u00e9rences. Nous recrutons Nous sommes toujours \u00e0 la recherche de p\u00e9pites. Si tu es passionn\u00e9(e) par la construction durable, [&hellip;]<\/p>\n","protected":false},"author":2,"featured_media":0,"parent":0,"menu_order":0,"comment_status":"closed","ping_status":"closed","template":"","meta":{"ngg_post_thumbnail":0,"footnotes":""},"class_list":["post-13","page","type-page","status-publish","hentry"],"blocksy_meta":[],"_links":{"self":[{"href":"https:\/\/energ-ir.be\/index.php\/wp-json\/wp\/v2\/pages\/13","targetHints":{"allow":["GET"]}}],"collection":[{"href":"https:\/\/energ-ir.be\/index.php\/wp-json\/wp\/v2\/pages"}],"about":[{"href":"https:\/\/energ-ir.be\/index.php\/wp-json\/wp\/v2\/types\/page"}],"author":[{"embeddable":true,"href":"https:\/\/energ-ir.be\/index.php\/wp-json\/wp\/v2\/users\/2"}],"replies":[{"embeddable":true,"href":"https:\/\/energ-ir.be\/index.php\/wp-json\/wp\/v2\/comments?post=13"}],"version-history":[{"count":20,"href":"https:\/\/energ-ir.be\/index.php\/wp-json\/wp\/v2\/pages\/13\/revisions"}],"predecessor-version":[{"id":1100,"href":"https:\/\/energ-ir.be\/index.php\/wp-json\/wp\/v2\/pages\/13\/revisions\/1100"}],"wp:attachment":[{"href":"https:\/\/energ-ir.be\/index.php\/wp-json\/wp\/v2\/media?parent=13"}],"curies":[{"name":"wp","href":"https:\/\/api.w.org\/{rel}","templated":true}]}}