{"id":11,"date":"2025-07-17T14:26:12","date_gmt":"2025-07-17T12:26:12","guid":{"rendered":"http:\/\/energ-ir.be\/?page_id=11"},"modified":"2025-12-11T15:55:43","modified_gmt":"2025-12-11T14:55:43","slug":"jobs","status":"publish","type":"page","link":"https:\/\/energ-ir.be\/index.php\/jobs\/","title":{"rendered":"Offres d&#8217;emploi"},"content":{"rendered":"\n<div class=\"wp-block-cover alignfull has-parallax\" style=\"margin-top:0;margin-bottom:0\"><div role=\"img\" aria-label=\"energ-ir_offres-emploi\" class=\"wp-block-cover__image-background wp-image-402 size-full has-parallax\" style=\"background-position:50% 50%;background-image:url(https:\/\/energ-ir.be\/wp-content\/uploads\/2025\/07\/20250621_121945-scaled.jpg)\"><\/div><span aria-hidden=\"true\" class=\"wp-block-cover__background has-palette-color-1-background-color has-background-dim-60 has-background-dim\"><\/span><div class=\"wp-block-cover__inner-container is-layout-constrained wp-block-cover-is-layout-constrained\">\n<div class=\"wp-block-columns are-vertically-aligned-center is-layout-flex wp-container-core-columns-is-layout-28f84493 wp-block-columns-is-layout-flex\">\n<div class=\"wp-block-column is-vertically-aligned-center is-layout-flow wp-block-column-is-layout-flow\">\n<h2 class=\"wp-block-heading\"><mark style=\"background-color:rgba(0, 0, 0, 0)\" class=\"has-inline-color has-palette-color-8-color\">Offres d&#8217;emploi<\/mark><\/h2>\n<\/div>\n\n\n\n<div class=\"wp-block-column is-vertically-aligned-center is-layout-flow wp-block-column-is-layout-flow\">\n<div class=\"wp-block-buttons is-content-justification-right is-layout-flex wp-container-core-buttons-is-layout-f413c556 wp-block-buttons-is-layout-flex\" style=\"padding-right:var(--wp--preset--spacing--80);padding-left:var(--wp--preset--spacing--80)\">\n<div class=\"wp-block-button\"><a class=\"wp-block-button__link has-palette-color-6-background-color has-text-color has-background has-link-color has-medium-font-size has-custom-font-size wp-element-button\" href=\"mailto: info@energ-ir.be?subject=Candidature\" style=\"border-radius:100px;color:#2d9182;padding-right:var(--wp--preset--spacing--60);padding-left:var(--wp--preset--spacing--60)\">Postuler<\/a><\/div>\n<\/div>\n<\/div>\n<\/div>\n<\/div><\/div>\n\n\n\n<div class=\"wp-block-cover alignfull\" style=\"margin-top:0;margin-bottom:0;min-height:61px;aspect-ratio:unset;\"><span aria-hidden=\"true\" class=\"wp-block-cover__background has-palette-color-1-background-color has-background-dim-100 has-background-dim\"><\/span><div class=\"wp-block-cover__inner-container is-layout-constrained wp-block-cover-is-layout-constrained\">\n<h5 class=\"wp-block-heading has-text-align-center has-medium-font-size\"><mark style=\"background-color:rgba(0, 0, 0, 0)\" class=\"has-inline-color has-palette-color-7-color\">Toute l&rsquo;\u00e9quipe d&rsquo;Energ-Ir vous souhaite de belles &amp; heureuses f\u00eates de fin d&rsquo;ann\u00e9e !<\/mark><\/h5>\n<\/div><\/div>\n\n\n\n<div style=\"height:20px\" aria-hidden=\"true\" class=\"wp-block-spacer\"><\/div>\n\n\n\n<p class=\"has-palette-color-2-color has-text-color has-link-color wp-elements-0edebc7adc46688ed0377a9ce7f00b81\">Energ-Ir srl est un bureau d&rsquo;ing\u00e9nierie en techniques sp\u00e9ciales actif depuis plus de 10 ans tant en march\u00e9s priv\u00e9s qu\u2019en march\u00e9s publics. Le bureau porte une attention sp\u00e9cifique \u00e0 la sobri\u00e9t\u00e9 \u00e9nerg\u00e9tique et l\u2019am\u00e9lioration des performances \u00e9nerg\u00e9tiques \/ environnementales \u00e0 travers chaque projet.<\/p>\n\n\n\n<p class=\"has-palette-color-2-color has-text-color has-link-color wp-elements-a6974488f02eba2ef9de96dcefe8e6a0\">Nos valeurs conductrices sont l\u2019<mark style=\"background-color:rgba(0, 0, 0, 0);color:#2d9182\" class=\"has-inline-color\"><strong>Humain<\/strong> <\/mark>au premier plan, l\u2019<strong><mark style=\"background-color:rgba(0, 0, 0, 0);color:#2d9182\" class=\"has-inline-color\">Esprit d\u2019\u00e9quipe <\/mark><\/strong>et le <strong><mark style=\"background-color:rgba(0, 0, 0, 0);color:#2d9182\" class=\"has-inline-color\">Partage<\/mark><\/strong>, l\u2019<strong><mark style=\"background-color:rgba(0, 0, 0, 0);color:#2d9182\" class=\"has-inline-color\">Audace<\/mark><\/strong>, l\u2019<strong><mark style=\"background-color:rgba(0, 0, 0, 0);color:#2d9182\" class=\"has-inline-color\">Engagement<\/mark><\/strong> et, last but not least, l\u2019<strong><mark style=\"background-color:rgba(0, 0, 0, 0);color:#2d9182\" class=\"has-inline-color\">Excellence<\/mark><\/strong>.<\/p>\n\n\n\n<p class=\"has-palette-color-2-color has-text-color has-link-color wp-elements-cbda817bb0d6ef6e5fec8b4d6a4c0420\"><strong><span style=\"text-decoration: underline;\">Bien que nous ne cherchions pas activement \u00e0 renforcer notre \u00e9quipe<\/span><\/strong>, notre bureau est r\u00e9guli\u00e8rement \u00e0 la recherche de nouveaux talents et toujours heureux de faire connaissance avec de nouvelles p\u00e9pites qui partagent notre vision engag\u00e9e.<\/p>\n\n\n\n<p class=\"has-palette-color-2-color has-text-color has-link-color wp-elements-d9e00c8243479d49b5ae03efc01fb60d\">N\u2019h\u00e9sitez pas \u00e0 nous envoyer une <strong>candidature spontan\u00e9e<\/strong> pour l&rsquo;une des fonctions suivantes&nbsp;:<\/p>\n\n\n\n<div style=\"height:51px\" aria-hidden=\"true\" class=\"wp-block-spacer\"><\/div>\n\n\n\n<div class=\"wp-block-columns is-layout-flex wp-container-core-columns-is-layout-28f84493 wp-block-columns-is-layout-flex\">\n<div class=\"wp-block-column is-layout-flow wp-block-column-is-layout-flow\" style=\"flex-basis:20%\"><\/div>\n\n\n\n<div class=\"wp-block-column is-layout-flow wp-block-column-is-layout-flow\" style=\"border-radius:5px;flex-basis:60%\">\n<div class=\"wp-block-columns is-layout-flex wp-container-core-columns-is-layout-28f84493 wp-block-columns-is-layout-flex\">\n<div class=\"wp-block-column is-vertically-aligned-center has-border-color is-layout-flow wp-block-column-is-layout-flow\" style=\"border-color:#abb8c3;border-style:dotted;border-width:1px;border-radius:5px\">\n<div style=\"height:1px\" aria-hidden=\"true\" class=\"wp-block-spacer\"><\/div>\n\n\n\n<h5 class=\"wp-block-heading has-text-align-center\"><mark style=\"background-color:rgba(0, 0, 0, 0);color:#2d9182\" class=\"has-inline-color\"><a href=\"https:\/\/energ-ir.be\/index.php\/jobs\/ingenieur-ts\/\" data-type=\"page\" data-id=\"17\">Ing\u00e9nieur en Techniques Sp\u00e9ciales (h\/f)<\/a><\/mark><\/h5>\n\n\n\n<p class=\"has-text-align-center\">(Candidature spontan\u00e9e \/ r\u00e9serve de recrutement)<\/p>\n\n\n\n<p class=\"has-text-align-center\">CDI <mark style=\"background-color:rgba(0, 0, 0, 0);color:#2d9182\" class=\"has-inline-color\">\u25cf<\/mark> Temps plein<\/p>\n\n\n\n<div style=\"height:1px\" aria-hidden=\"true\" class=\"wp-block-spacer\"><\/div>\n<\/div>\n<\/div>\n<\/div>\n\n\n\n<div class=\"wp-block-column is-layout-flow wp-block-column-is-layout-flow\" style=\"flex-basis:20%\"><\/div>\n<\/div>\n\n\n\n<div class=\"wp-block-columns is-layout-flex wp-container-core-columns-is-layout-28f84493 wp-block-columns-is-layout-flex\">\n<div class=\"wp-block-column is-layout-flow wp-block-column-is-layout-flow\" style=\"flex-basis:20%\"><\/div>\n\n\n\n<div class=\"wp-block-column is-layout-flow wp-block-column-is-layout-flow\" style=\"flex-basis:60%\">\n<div class=\"wp-block-columns is-layout-flex wp-container-core-columns-is-layout-28f84493 wp-block-columns-is-layout-flex\">\n<div class=\"wp-block-column is-vertically-aligned-center has-border-color is-layout-flow wp-block-column-is-layout-flow\" style=\"border-color:#abb8c3;border-style:dotted;border-width:1px;border-radius:5px\">\n<div style=\"height:1px\" aria-hidden=\"true\" class=\"wp-block-spacer\"><\/div>\n\n\n\n<h5 class=\"wp-block-heading has-text-align-center\"><mark style=\"background-color:rgba(0, 0, 0, 0);color:#2d9182\" class=\"has-inline-color\"><mark style=\"background-color:rgba(0, 0, 0, 0);color:#2d9182\" class=\"has-inline-color\"><mark style=\"background-color:rgba(0, 0, 0, 0);color:#2d9182\" class=\"has-inline-color\"><a href=\"https:\/\/energ-ir.be\/index.php\/jobs\/ingenieur-ts-junior\/\" data-type=\"page\" data-id=\"15\">Ing\u00e9nieur en Techniques Sp\u00e9ciales Junior (h\/f)<\/a><\/mark><\/mark><\/mark><\/h5>\n\n\n\n<p class=\"has-text-align-center\">(Candidature spontan\u00e9e \/ r\u00e9serve de recrutement)<\/p>\n\n\n\n<p class=\"has-text-align-center\">CDI <mark style=\"background-color:rgba(0, 0, 0, 0);color:#2d9182\" class=\"has-inline-color\">\u25cf<\/mark> Temps plein<\/p>\n\n\n\n<div style=\"height:1px\" aria-hidden=\"true\" class=\"wp-block-spacer\"><\/div>\n<\/div>\n<\/div>\n<\/div>\n\n\n\n<div class=\"wp-block-column is-layout-flow wp-block-column-is-layout-flow\" style=\"flex-basis:20%\"><\/div>\n<\/div>\n\n\n\n<div class=\"wp-block-columns is-layout-flex wp-container-core-columns-is-layout-28f84493 wp-block-columns-is-layout-flex\">\n<div class=\"wp-block-column is-layout-flow wp-block-column-is-layout-flow\" style=\"flex-basis:20%\"><\/div>\n\n\n\n<div class=\"wp-block-column is-layout-flow wp-block-column-is-layout-flow\" style=\"flex-basis:60%\">\n<div class=\"wp-block-columns is-layout-flex wp-container-core-columns-is-layout-28f84493 wp-block-columns-is-layout-flex\">\n<div class=\"wp-block-column is-vertically-aligned-center has-border-color is-layout-flow wp-block-column-is-layout-flow\" style=\"border-color:#abb8c3;border-style:dotted;border-width:1px;border-radius:5px\">\n<div style=\"height:1px\" aria-hidden=\"true\" class=\"wp-block-spacer\"><\/div>\n\n\n\n<h5 class=\"wp-block-heading has-text-align-center\"><mark style=\"background-color:rgba(0, 0, 0, 0);color:#2d9182\" class=\"has-inline-color\"><mark style=\"background-color:rgba(0, 0, 0, 0);color:#2d9182\" class=\"has-inline-color\"><mark style=\"background-color:rgba(0, 0, 0, 0);color:#2d9182\" class=\"has-inline-color\"><a href=\"https:\/\/energ-ir.be\/index.php\/jobs\/concepteur-energie\/\" data-type=\"page\" data-id=\"21\">Concepteur Energie &#8211; PEB (h\/f)<\/a><\/mark><\/mark><\/mark><\/h5>\n\n\n\n<p class=\"has-text-align-center\">(Candidature spontan\u00e9e \/ r\u00e9serve de recrutement)<\/p>\n\n\n\n<p class=\"has-text-align-center\">CDI <mark style=\"background-color:rgba(0, 0, 0, 0);color:#2d9182\" class=\"has-inline-color\">\u25cf<\/mark> Temps plein<\/p>\n\n\n\n<div style=\"height:1px\" aria-hidden=\"true\" class=\"wp-block-spacer\"><\/div>\n<\/div>\n<\/div>\n<\/div>\n\n\n\n<div class=\"wp-block-column is-layout-flow wp-block-column-is-layout-flow\" style=\"flex-basis:20%\"><\/div>\n<\/div>\n\n\n\n<div class=\"wp-block-columns is-layout-flex wp-container-core-columns-is-layout-28f84493 wp-block-columns-is-layout-flex\">\n<div class=\"wp-block-column is-layout-flow wp-block-column-is-layout-flow\" style=\"flex-basis:20%\"><\/div>\n\n\n\n<div class=\"wp-block-column is-layout-flow wp-block-column-is-layout-flow\" style=\"flex-basis:60%\">\n<div class=\"wp-block-columns is-layout-flex wp-container-core-columns-is-layout-28f84493 wp-block-columns-is-layout-flex\">\n<div class=\"wp-block-column is-vertically-aligned-center has-border-color is-layout-flow wp-block-column-is-layout-flow\" style=\"border-color:#abb8c3;border-style:dotted;border-width:1px;border-radius:5px\">\n<div style=\"height:1px\" aria-hidden=\"true\" class=\"wp-block-spacer\"><\/div>\n\n\n\n<h5 class=\"wp-block-heading has-text-align-center\"><mark style=\"background-color:rgba(0, 0, 0, 0);color:#2d9182\" class=\"has-inline-color\"><mark style=\"background-color:rgba(0, 0, 0, 0);color:#2d9182\" class=\"has-inline-color\"><mark style=\"background-color:rgba(0, 0, 0, 0);color:#2d9182\" class=\"has-inline-color\"><a href=\"https:\/\/energ-ir.be\/index.php\/jobs\/dessinateur-projeteur\/\" data-type=\"page\" data-id=\"19\">Dessinateur &#8211; Projeteur (h\/f)<\/a><\/mark><\/mark><\/mark><\/h5>\n\n\n\n<p class=\"has-text-align-center\">(Candidature spontan\u00e9e \/ r\u00e9serve de recrutement)<\/p>\n\n\n\n<p class=\"has-text-align-center\">CDI <mark style=\"background-color:rgba(0, 0, 0, 0);color:#2d9182\" class=\"has-inline-color\">\u25cf<\/mark> Temps plein<\/p>\n\n\n\n<div style=\"height:1px\" aria-hidden=\"true\" class=\"wp-block-spacer\"><\/div>\n<\/div>\n<\/div>\n<\/div>\n\n\n\n<div class=\"wp-block-column is-layout-flow wp-block-column-is-layout-flow\" style=\"flex-basis:20%\"><\/div>\n<\/div>\n\n\n\n<div style=\"height:20px\" aria-hidden=\"true\" class=\"wp-block-spacer\"><\/div>\n\n\n\n<div class=\"wp-block-buttons is-content-justification-center is-layout-flex wp-container-core-buttons-is-layout-bcfda3b2 wp-block-buttons-is-layout-flex\" style=\"padding-right:0rem;padding-left:0rem\">\n<div class=\"wp-block-button is-style-fill\"><a class=\"wp-block-button__link has-palette-color-6-color has-text-color has-background has-link-color has-medium-font-size has-custom-font-size wp-element-button\" href=\"mailto: info@energ-ir.be?subject=Candidature\" style=\"border-style:none;border-width:0px;border-radius:100px;background-color:#2d9182;padding-right:var(--wp--preset--spacing--60);padding-left:var(--wp--preset--spacing--60)\"><strong>Postuler<\/strong><\/a><\/div>\n<\/div>\n\n\n\n<div style=\"height:100px\" aria-hidden=\"true\" class=\"wp-block-spacer\"><\/div>\n\n\n\n<div class=\"wp-block-columns is-layout-flex wp-container-core-columns-is-layout-28f84493 wp-block-columns-is-layout-flex\">\n<div class=\"wp-block-column is-vertically-aligned-center has-background is-layout-flow wp-block-column-is-layout-flow\" style=\"border-radius:5px;background-color:#2d9182;padding-top:var(--wp--preset--spacing--40);padding-right:var(--wp--preset--spacing--40);padding-bottom:var(--wp--preset--spacing--40);padding-left:var(--wp--preset--spacing--40)\">\n<h4 class=\"wp-block-heading has-text-align-center\"><mark style=\"background-color:rgba(0, 0, 0, 0)\" class=\"has-inline-color has-palette-color-8-color\">Nous recrutons<\/mark><\/h4>\n\n\n\n<hr class=\"wp-block-separator has-alpha-channel-opacity is-style-wide\"\/>\n\n\n\n<p class=\"has-text-align-center has-palette-color-6-color has-text-color has-link-color wp-elements-650bac80a506c3e72cd872cd3da9b06b\">Nous sommes toujours \u00e0 la recherche de <strong>p\u00e9pites<\/strong>.<\/p>\n\n\n\n<p class=\"has-text-align-center has-palette-color-6-color has-text-color has-link-color wp-elements-d1a2c463b111c69b35ee035f55457fb6\">Si tu es passionn\u00e9(e) par la construction durable, les \u00e9nergies renouvelables et souhaites contribuer activement \u00e0 concevoir des b\u00e2timents respectueux de l\u2019environnement et de leurs utilisateurs, cette offre \u00e0 impact positif est pour toi.<\/p>\n\n\n\n<div style=\"height:15px\" aria-hidden=\"true\" class=\"wp-block-spacer\"><\/div>\n\n\n\n<div class=\"wp-block-columns is-layout-flex wp-container-core-columns-is-layout-28f84493 wp-block-columns-is-layout-flex\">\n<div class=\"wp-block-column is-layout-flow wp-block-column-is-layout-flow\">\n<figure class=\"wp-block-image alignright size-full is-resized\"><img loading=\"lazy\" decoding=\"async\" width=\"875\" height=\"591\" src=\"http:\/\/energ-ir.be\/wp-content\/uploads\/2025\/07\/Rejoignez-equipe.png\" alt=\"energ-ir_recrute\" class=\"wp-image-94\" style=\"width:192px;height:auto\" srcset=\"https:\/\/energ-ir.be\/wp-content\/uploads\/2025\/07\/Rejoignez-equipe.png 875w, https:\/\/energ-ir.be\/wp-content\/uploads\/2025\/07\/Rejoignez-equipe-300x203.png 300w, https:\/\/energ-ir.be\/wp-content\/uploads\/2025\/07\/Rejoignez-equipe-768x519.png 768w\" sizes=\"auto, (max-width: 875px) 100vw, 875px\" \/><\/figure>\n<\/div>\n\n\n\n<div class=\"wp-block-column is-layout-flow wp-block-column-is-layout-flow\">\n<div class=\"wp-block-buttons is-content-justification-left is-layout-flex wp-container-core-buttons-is-layout-fc4fd283 wp-block-buttons-is-layout-flex\">\n<div class=\"wp-block-button\"><a class=\"wp-block-button__link has-palette-color-6-background-color has-text-color has-background has-link-color has-custom-font-size wp-element-button\" href=\"mailto: info@energ-ir.be?subject=Candidature\" style=\"border-radius:100px;color:#2d9182;padding-right:var(--wp--preset--spacing--60);padding-left:var(--wp--preset--spacing--60);font-size:clamp(14px, 0.875rem + ((1vw - 3.2px) * 0.313), 18px);\"><strong><mark style=\"background-color:rgba(0, 0, 0, 0);color:#2d9182\" class=\"has-inline-color\">P<\/mark><\/strong>ostuler<\/a><\/div>\n<\/div>\n<\/div>\n<\/div>\n\n\n\n<div style=\"height:15px\" aria-hidden=\"true\" class=\"wp-block-spacer\"><\/div>\n<\/div>\n\n\n\n<div class=\"wp-block-column has-border-color is-layout-flow wp-block-column-is-layout-flow\" style=\"border-color:#2d9182;border-width:1px;border-radius:5px;padding-top:var(--wp--preset--spacing--40);padding-right:var(--wp--preset--spacing--40);padding-bottom:var(--wp--preset--spacing--40);padding-left:var(--wp--preset--spacing--40)\">\n<h4 class=\"wp-block-heading has-text-align-center has-palette-color-3-color has-text-color has-link-color wp-elements-aef563a38abc6d86e5e25962d032f0e9\">Contact<\/h4>\n\n\n\n<hr class=\"wp-block-separator has-text-color has-alpha-channel-opacity has-background is-style-wide\" style=\"background-color:#2d9182;color:#2d9182\"\/>\n\n\n\n<div class=\"wp-block-columns is-layout-flex wp-container-core-columns-is-layout-28f84493 wp-block-columns-is-layout-flex\">\n<div class=\"wp-block-column is-vertically-aligned-center is-layout-flow wp-block-column-is-layout-flow\" style=\"flex-basis:33.33%\">\n<figure class=\"wp-block-image alignright size-full is-resized\"><img loading=\"lazy\" decoding=\"async\" width=\"875\" height=\"875\" src=\"http:\/\/energ-ir.be\/wp-content\/uploads\/2025\/07\/entreprise.png\" alt=\"energ-ir_entreprise\" class=\"wp-image-89\" style=\"width:26px;height:auto\" srcset=\"https:\/\/energ-ir.be\/wp-content\/uploads\/2025\/07\/entreprise.png 875w, https:\/\/energ-ir.be\/wp-content\/uploads\/2025\/07\/entreprise-300x300.png 300w, https:\/\/energ-ir.be\/wp-content\/uploads\/2025\/07\/entreprise-150x150.png 150w, https:\/\/energ-ir.be\/wp-content\/uploads\/2025\/07\/entreprise-768x768.png 768w\" sizes=\"auto, (max-width: 875px) 100vw, 875px\" \/><\/figure>\n<\/div>\n\n\n\n<div class=\"wp-block-column is-layout-flow wp-block-column-is-layout-flow\" style=\"flex-basis:66.66%\">\n<p><strong>Energ-Ir srl<\/strong><br>BE0833.844.563<\/p>\n<\/div>\n<\/div>\n\n\n\n<div class=\"wp-block-columns is-layout-flex wp-container-core-columns-is-layout-28f84493 wp-block-columns-is-layout-flex\">\n<div class=\"wp-block-column is-vertically-aligned-center is-layout-flow wp-block-column-is-layout-flow\" style=\"flex-basis:33.33%\">\n<figure class=\"wp-block-image alignright size-full is-resized\"><img loading=\"lazy\" decoding=\"async\" width=\"875\" height=\"875\" src=\"http:\/\/energ-ir.be\/wp-content\/uploads\/2025\/07\/lieu.png\" alt=\"energ-ir_lieu\" class=\"wp-image-91\" style=\"width:26px\" srcset=\"https:\/\/energ-ir.be\/wp-content\/uploads\/2025\/07\/lieu.png 875w, https:\/\/energ-ir.be\/wp-content\/uploads\/2025\/07\/lieu-300x300.png 300w, https:\/\/energ-ir.be\/wp-content\/uploads\/2025\/07\/lieu-150x150.png 150w, https:\/\/energ-ir.be\/wp-content\/uploads\/2025\/07\/lieu-768x768.png 768w\" sizes=\"auto, (max-width: 875px) 100vw, 875px\" \/><\/figure>\n<\/div>\n\n\n\n<div class=\"wp-block-column is-vertically-aligned-center is-layout-flow wp-block-column-is-layout-flow\" style=\"flex-basis:66.66%\">\n<p>Chauss\u00e9e de Namur, 403<br>5030 Gembloux (Beuzet)<\/p>\n<\/div>\n<\/div>\n\n\n\n<div class=\"wp-block-columns is-layout-flex wp-container-core-columns-is-layout-28f84493 wp-block-columns-is-layout-flex\">\n<div class=\"wp-block-column is-vertically-aligned-center is-layout-flow wp-block-column-is-layout-flow\" style=\"flex-basis:33.33%\">\n<figure class=\"wp-block-image alignright size-full is-resized\"><img loading=\"lazy\" decoding=\"async\" width=\"875\" height=\"875\" src=\"http:\/\/energ-ir.be\/wp-content\/uploads\/2025\/07\/gsm.png\" alt=\"energ-ir_telephone\" class=\"wp-image-90\" style=\"width:26px\" srcset=\"https:\/\/energ-ir.be\/wp-content\/uploads\/2025\/07\/gsm.png 875w, https:\/\/energ-ir.be\/wp-content\/uploads\/2025\/07\/gsm-300x300.png 300w, https:\/\/energ-ir.be\/wp-content\/uploads\/2025\/07\/gsm-150x150.png 150w, https:\/\/energ-ir.be\/wp-content\/uploads\/2025\/07\/gsm-768x768.png 768w\" sizes=\"auto, (max-width: 875px) 100vw, 875px\" \/><\/figure>\n<\/div>\n\n\n\n<div class=\"wp-block-column is-vertically-aligned-center is-layout-flow wp-block-column-is-layout-flow\" style=\"flex-basis:66.66%\">\n<p>+32 (0) 81 22 17 25<\/p>\n<\/div>\n<\/div>\n\n\n\n<div class=\"wp-block-buttons is-content-justification-center is-layout-flex wp-container-core-buttons-is-layout-a89b3969 wp-block-buttons-is-layout-flex\">\n<div class=\"wp-block-button\"><a class=\"wp-block-button__link has-background has-custom-font-size wp-element-button\" href=\"mailto: info@energ-ir.be\" style=\"border-radius:100px;background-color:#2d9182;font-size:clamp(14px, 0.875rem + ((1vw - 3.2px) * 0.313), 18px);\"><strong><mark style=\"background-color:rgba(0, 0, 0, 0)\" class=\"has-inline-color has-palette-color-8-color\">Nous contacter<\/mark><\/strong><\/a><\/div>\n<\/div>\n<\/div>\n<\/div>\n\n\n\n<div style=\"height:75px\" aria-hidden=\"true\" class=\"wp-block-spacer\"><\/div>\n\n\n\n<p><\/p>\n","protected":false},"excerpt":{"rendered":"<p>Energ-Ir srl est un bureau d&rsquo;ing\u00e9nierie en techniques sp\u00e9ciales actif depuis plus de 10 ans tant en march\u00e9s priv\u00e9s qu\u2019en march\u00e9s publics. Le bureau porte une attention sp\u00e9cifique \u00e0 la sobri\u00e9t\u00e9 \u00e9nerg\u00e9tique et l\u2019am\u00e9lioration des performances \u00e9nerg\u00e9tiques \/ environnementales \u00e0 travers chaque projet. Nos valeurs conductrices sont l\u2019Humain au premier plan, l\u2019Esprit d\u2019\u00e9quipe et le [&hellip;]<\/p>\n","protected":false},"author":2,"featured_media":0,"parent":0,"menu_order":0,"comment_status":"closed","ping_status":"closed","template":"","meta":{"ngg_post_thumbnail":0,"footnotes":""},"class_list":["post-11","page","type-page","status-publish","hentry"],"blocksy_meta":[],"_links":{"self":[{"href":"https:\/\/energ-ir.be\/index.php\/wp-json\/wp\/v2\/pages\/11","targetHints":{"allow":["GET"]}}],"collection":[{"href":"https:\/\/energ-ir.be\/index.php\/wp-json\/wp\/v2\/pages"}],"about":[{"href":"https:\/\/energ-ir.be\/index.php\/wp-json\/wp\/v2\/types\/page"}],"author":[{"embeddable":true,"href":"https:\/\/energ-ir.be\/index.php\/wp-json\/wp\/v2\/users\/2"}],"replies":[{"embeddable":true,"href":"https:\/\/energ-ir.be\/index.php\/wp-json\/wp\/v2\/comments?post=11"}],"version-history":[{"count":21,"href":"https:\/\/energ-ir.be\/index.php\/wp-json\/wp\/v2\/pages\/11\/revisions"}],"predecessor-version":[{"id":1099,"href":"https:\/\/energ-ir.be\/index.php\/wp-json\/wp\/v2\/pages\/11\/revisions\/1099"}],"wp:attachment":[{"href":"https:\/\/energ-ir.be\/index.php\/wp-json\/wp\/v2\/media?parent=11"}],"curies":[{"name":"wp","href":"https:\/\/api.w.org\/{rel}","templated":true}]}}